{"id":45,"date":"2020-12-24T11:53:35","date_gmt":"2020-12-24T11:53:35","guid":{"rendered":"https:\/\/das-festspielhaus.de\/?page_id=45"},"modified":"2025-11-03T10:20:14","modified_gmt":"2025-11-03T09:20:14","slug":"agb","status":"publish","type":"page","link":"https:\/\/schloss-hopferau.com\/en\/agb\/","title":{"rendered":"AGB"},"content":{"rendered":"\n        <section class=\"intro-image fade-in-bottom \">\n            <div class=\"container\">\n\n                \n                    <div class=\"img-wrapper bg-img\" style=\"background-image: url(https:\/\/schloss-hopferau.com\/wp-content\/uploads\/images\/schloss-allee.jpg);   \"><\/div>\n                    <!-- \/.img-wrapper bg-img -->\n\n                \n                <img decoding=\"async\" src=\"https:\/\/schloss-hopferau.com\/wp-content\/uploads\/images\/schloss-allee.jpg\" alt=\"Schloss Hopferau Allee\" class=\"intro-image-mobile\">\n\n            <\/div>\n            <!-- \/.container -->\n        <\/section>\n        <!--  .intro-image -->\n\n    \n\n\n\t\t<section id=\"content-block_7ef8de95a6951185573e248bd759508b\" class=\"content \" style=\"  \">\n\t\t\t<div class=\"container\">\n\t\t\t\t<div class=\"flex-row\">\n\n\t\t\t\t\t\n\t\t\t\t\t\t<div class=\"col-8@md \">\n\n\t\t\t\t\t\t\t<div class=\"com-content-article item-page \">\n<div class=\"page-header\">\n<h2>AGB<\/h2>\n<\/div>\n<div class=\"com-content-article__body\">\n<h3>ALLGEMEINE GESCH\u00c4FTSBEDINGUNGEN SCHLOSS ZU HOPFERAU<\/h3>\n<p>(Stand: Juni 2021)<\/p>\n<p><strong>I. Geltungsbereich<\/strong><\/p>\n<p>1. Diese Gesch\u00e4ftsbedingungen gelten f\u00fcr Vertr\u00e4ge \u00fcber die mietweise \u00dcberlassung von Hotelzimmern zur Beherbergung sowie alle f\u00fcr den Kunden erbrachten weiteren Leistungen und Lieferungen des Hotels.<\/p>\n<p>2. Die Unterbringung- und Weitervermietung der \u00fcberlassenen Zimmer sowie deren Nutzung zu anderen als Beherbergungszwecken bed\u00fcrfen der vorherigen Zustimmung des Hotels in Textform.<\/p>\n<p>3. Allgemeine Gesch\u00e4ftsbedingungen des Kunden finden nur Anwendung, wenn dies vorher ausdr\u00fccklich in Textform vereinbart wurde.<\/p>\n<p><strong>II. Vertragsabschluss, -partner, -haftung; Verj\u00e4hrung<\/strong><\/p>\n<p>1. Der Vertrag kommt durch die Annahme des Antrags des Kunden durch das Hotel zustande. Dem Hotel steht es frei, die Zimmerbuchung in Textform zu best\u00e4tigen.<\/p>\n<p>2. Vertragspartner sind das Hotel und der Kunde. Hat ein Dritter f\u00fcr den Kunden bestellt, haftet er dem Hotel gegen\u00fcber zusammen mit dem Kunden als Gesamtschuldner f\u00fcr alle Verpflichtungen aus dem Hotelaufnahmevertrag, sofern dem Hotel eine entsprechende Erkl\u00e4rung des Dritten vorliegt.<\/p>\n<p>3. Alle Anspr\u00fcche gegen das Hotel verj\u00e4hren grunds\u00e4tzlich in einem Jahr ab dem gesetzlichen Verj\u00e4hrungsbeginn. Schadensersatzanspr\u00fcche verj\u00e4hren kenntnisunabh\u00e4ngig in f\u00fcnf Jahren, soweit sie nicht auf einer Verletzung des Lebens, des K\u00f6rpers, der Gesundheit oder der Freiheit beruhen. Diese Schadensersatzanspr\u00fcche verj\u00e4hren kenntnisunabh\u00e4ngig in zehn Jahren. Die k\u00fcrzere Verj\u00e4hrung gilt nicht bei vors\u00e4tzlichen oder grob fahrl\u00e4ssigen Pflichtverletzungen des Hotels.<\/p>\n<p><strong>III. Leistungen, Preise, Zahlungen, Aufrechnung<\/strong><\/p>\n<p>1. Das Hotel ist verpflichtet, die vom Kunden gebuchten Zimmer bereitzuhalten und die vereinbarten Leistungen zu erbringen.<\/p>\n<p>2. Der Kunde ist verpflichtet, die f\u00fcr die Zimmer\u00fcberlassung und die von ihm in Anspruch genommenen weiteren Leistungen geltenden bzw. vereinbarten Preise des Hotels zu zahlen. Dies gilt auch f\u00fcr vom Kunden veranlasste Leistungen und Auslagen des Hotels an Dritte. Die vereinbarten Preise schlie\u00dfen die jeweilige gesetzliche Umsatzsteuer ein.<\/p>\n<p>3. Das Hotel kann seine Zustimmung zu einer vom Kunden gew\u00fcnschten nachtr\u00e4glichen Verringerung der Anzahl der gebuchten Zimmer, der Leistungen des Hotels oder der Aufenthaltsdauer des Kunden davon abh\u00e4ngig machen, dass sich der Preis f\u00fcr die Zimmer und\/oder f\u00fcr die sonstigen Leistungen des Hotels erh\u00f6ht.<\/p>\n<p>4. Rechnungen des Hotels ohne F\u00e4lligkeitsdatum sind binnen 10 Tagen ab Zugang der Rechnung ohne Abzug zahlbar. Das Hotel kann die unverz\u00fcgliche Zahlung f\u00e4lliger Forderungen jederzeit vom Kunden verlangen. Bei Zahlungsverzug ist das Hotel berechtigt, die jeweils geltenden Verzugszinsen in H\u00f6he von derzeit 8 %, bzw. von 5 % bei Verbrauchern, \u00fcber dem Basiszinssatz zu verlangen. Dem Hotel bleibt der Nachweis eines h\u00f6heren Schadens vorbehalten.<\/p>\n<p>5. Das Hotel ist berechtigt, bei Vertragsabschluss vom Kunden eine angemessene Vorauszahlung oder Sicherheitsleistung durch Kreditkartengarantie, einer Anzahlung oder \u00c4hnlichem zu verlangen. Die H\u00f6he der Vorauszahlung und die Zahlungstermine k\u00f6nnen im Vertrag in Textform vereinbart werden.<\/p>\n<p>6. In begr\u00fcndeten F\u00e4llen, z.B. Zahlungsr\u00fcckstand des Kunden oder Erweiterung des Vertragsumfangs, ist das Hotel berechtigt, auch nach Vertragsschluss bis zu Beginn des Aufenthaltes eine Vorauszahlung oder Sicherheitsleistung im Sinne der vorstehenden Nr. 5 oder eine Anhebung der im Vertrag vereinbarten Vorauszahlung oder Sicherheitsleistung bis zur vollen vereinbarten Verg\u00fctung zu verlangen.<\/p>\n<p>7. Der Kunde kann nur mit einer unstreitigen oder rechtskr\u00e4ftigen Forderung gegen\u00fcber einer Forderung des Hotels aufrechnen oder verrechnen.<\/p>\n<p>8. Bitte beachten Sie, dass eine Zu- oder Absage nach dem 1. Angebot erfolgen muss. Hier r\u00e4umen wir Ihnen, je nach Kurzfristigkeit der Anfrage, eine Option von 2 Wochen ein. Die Zusage erfolgt durch Unterschrift der Veranstaltungsvereinbarung und einer Anzahlung (auf Grundlage des gesch\u00e4tzten Gesamtumsatzes, mind. jedoch 250 \u20ac). \u00c4nderungen des Angebotes sind dennoch jederzeit m\u00f6glich. Bei Anfrage eines 2. Angebotes ohne definitive Zusage behalten wir uns das Recht vor, eine Servicepauschale von 40 \u20ac pro Angebot und Kalkulation zu berechnen. Der Betrag wird bei erfolgreicher Buchung auf Ihrer Endabrechnung gutgeschrieben.<\/p>\n<p>9. Bitte beachten Sie, wenn Sie keine offiziellen Programmpunkte bei uns buchen (Sektempfang), ist das Mitbringen und die Ausgabe von eigenen Speisen und Getr\u00e4nken auf dem Schlossgel\u00e4nde nicht gestattet. Hier behalten wir uns das Recht vor, unabh\u00e4ngig von Aufwand und Personenanzahl ein Korkgeld von 300,00 \u20ac zu berechnen, sollten doch Getr\u00e4nke und Speisen auf dem Schlossgel\u00e4nde durch Sie an Ihre G\u00e4ste ausgegeben werden, die nicht aus unserem Haus stammen.<\/p>\n<p><strong>IV. R\u00fccktritt des Kunden (Abbestellung, Stornierung)\/Nichtinanspruchnahme der Leistungen<\/strong><\/p>\n<p>1. Ein R\u00fccktritt des Kunden von dem mit dem Hotel geschlossenen Vertrag bedarf der Schriftform. Erfolgt dieser nicht, so ist der vereinbarte Preis aus dem Vertrag auch dann zu zahlen, wenn der Kunde vertragliche Leistungen nicht in Anspruch nimmt. Ma\u00dfgeblich f\u00fcr die Rechtzeitigkeit der R\u00fccktrittserkl\u00e4rung ist deren Zugang beim Hotel<\/p>\n<p>2. Sofern zwischen dem Hotel und dem Kunden ein Termin zum kostenfreien R\u00fccktritt vom Vertrag schriftlich vereinbart wurde, kann der Kunde bis dahin vom Vertrag zur\u00fccktreten, ohne Zahlungs- oder Schadensersatzanspr\u00fcche des Hotels auszul\u00f6sen. Das R\u00fccktrittsrecht des Kunden erlischt, wenn er nicht bis zum vereinbarten Termin das Recht zum R\u00fccktritt gegen\u00fcber dem Hotel in Textform aus\u00fcbt,<\/p>\n<p>3. Dem Hotel steht es frei, den ihm entstehenden und vom Kunden zu ersetzenden Schaden zu pauschalieren. Werden die Zimmer nicht anderweitig vermietet so kann das Hotel die vertraglich vereinbarte Verg\u00fctung verlangen und den Abzug f\u00fcr ersparte Aufwendungen des Hotels pauschalieren. Der Kunde ist dann verpflichtet, mindestens 90% des vertraglich vereinbarten Preises f\u00fcr \u00dcbernachtung mit oder ohne Fr\u00fchst\u00fcck, 70% f\u00fcr Halbpension und 60% f\u00fcr Vollpensionsarrangements zu zahlen. Dem Kunden steht der Nachweis frei, dass der vorgenannte Anspruch nicht oder nicht in der geforderten H\u00f6he entstanden ist.<\/p>\n<p><strong>V. R\u00fccktritt des Hotels<\/strong><\/p>\n<p>1. Sofern ein R\u00fccktritt des Kunden innerhalb einer bestimmten Frist schriftlich vereinbart wurde, ist das Hotel in diesem Zeitraum seinerseits berechtigt vom Vertrag zur\u00fcckzutreten, wenn Anfragen anderer Kunden nach den vertraglich gebuchten Zimmern vorliegen und der Kunde auf R\u00fcckfrage des Hotels auf sein Recht zum R\u00fccktritt nicht verzichtet.<\/p>\n<p>2. Wird eine vereinbarte Vorauszahlung oder Sicherheitszahlung auch nach Verstreichen einer vom Hotel gesetzten angemessenen Nachfrist mit Ablehnungsandrohung nicht geleistet, so ist das Hotel ebenfalls zum R\u00fccktritt vom Vertrag berechtigt.<\/p>\n<p>3. Ferner ist das Hotel berechtigt, aus sachlich gerechtfertigtem Grund vom Vertrag au\u00dferordentlich zur\u00fcckzutreten, beispielsweise falls\u00a0h\u00f6here Gewalt oder andere vom Hotel nicht zu vertretende Umst\u00e4nde die Erf\u00fcllung des Vertrages unm\u00f6glich machen;Zimmer unter irref\u00fchrender oder falscher Angabe wesentlicher Tatsachen, z.B. in der Person des Kunden oder zum Zwecke seines Aufenthaltes, gebucht werden;das Hotel begr\u00fcndeten Anlass zu der Annahme hat, dass die Inanspruchnahme der Hotelleistung den reibungslosen Gesch\u00e4ftsbetrieb, die Sicherheit oder das Ansehen des Hotels in der \u00d6ffentlichkeit gef\u00e4hrden kann, ohne dass dies dem Herrschafts- bzw. Organisationsbereich des Hotels zuzurechnen ist;der Zweck bzw. der Anlass des Aufenthaltes gesetzeswidrig ist.<\/p>\n<p>4. Bei berechtigtem R\u00fccktritt des Hotels entsteht kein Anspruch des Kunden auf Schadensersatz.<\/p>\n<p><strong>VI. Zimmerbereitstellung, -\u00fcbergabe und \u2013r\u00fcckgabe<\/strong><\/p>\n<p>1. Der Kunde erwirbt keinen Anspruch auf die Bereitstellung bestimmter Zimmer, soweit dies nicht ausdr\u00fccklich in Textform vereinbart wurde.<\/p>\n<p>2. Gebuchte Zimmer stehen dem Kunden ab 15.00 Uhr des vereinbarten Anreisetages zur Verf\u00fcgung. Der Kunde hat keinen Anspruch auf fr\u00fchere Bereitstellung.<\/p>\n<p>3. Am vereinbarten Abreisetag sind die Zimmer dem Hotel sp\u00e4testens um 11.00 Uhr ger\u00e4umt zur Verf\u00fcgung zu stellen. Danach kann das Hotel aufgrund der versp\u00e4teten R\u00e4umung des Zimmers f\u00fcr dessen vertrags\u00fcberschreitende Nutzung bis 18.00 Uhr 50% des vollen Logispreises (Listenpreises) in Rechnung stellen, ab 18.00 Uhr 100%. Vertragliche Anspr\u00fcche des Kunden werden hierdurch nicht begr\u00fcndet. Ihm steht es frei, dem Hotel nachzuweisen, dass diesem kein oder ein wesentlich niedrigerer Anspruch auf Nutzungsentgelt entstanden ist.<\/p>\n<p>4. Der Kunde haftet f\u00fcr Sch\u00e4den und Verunreinigungen in den Hotelzimmern oder im Haus, die von ihm selbst oder die von unter Obhut stehenden Personen, Tieren oder Sachen verursacht wurden. Die Kosten f\u00fcr die Beseitigung der Sch\u00e4den und Verunreinigungen werden in Rechnung gestellt.<\/p>\n<p><strong>VII. Haftung des Hotels<\/strong><\/p>\n<p>1. Das Hotel haftet f\u00fcr seine Verpflichtungen aus dem Vertrag. Anspr\u00fcche des Kunden auf Schadensersatz sind ausgeschlossen. Hiervon ausgenommen sind Sch\u00e4den aus der Verletzung des Lebens, des K\u00f6rpers, oder der Gesundheit, wenn das Hotel die Pflichtverletzung zu vertreten hat, sonstige Sch\u00e4den die auf einer vors\u00e4tzlichen oder grob fahrl\u00e4ssigen Verletzung von vertragstypischen Pflichten des Hotels beruhen. Einer Pflichtverletzung des Hotels steht die eines gesetzlichen Vertreters oder Erf\u00fcllungsgehilfen gleich. Sollten St\u00f6rungen oder M\u00e4ngel an den Leistungen des Hotels auftreten wird das Hotel bei Kenntnis oder auf unverz\u00fcgliche R\u00fcge des Kunden bem\u00fcht sein, f\u00fcr Abhilfe zu sorgen. Der Kunde ist verpflichtet, das ihm Zumutbare beizutragen, um die St\u00f6rung zu beheben und einen m\u00f6glichen Schaden gering zu halten.<\/p>\n<p>2. F\u00fcr eingebrachte Sachen haftet das Hotel dem Kunden nach gesetzlichen Bestimmungen. Danach ist die Haftung beschr\u00e4nkt auf das Hundertfachen des Zimmerpreises , h\u00f6chstens jedoch 3500,00 \u20ac sowie abweichend f\u00fcr Geld und Wertgegenst\u00e4nde h\u00f6chstens bis zu 800,00 \u20ac. Geld und Wertgegenst\u00e4nde k\u00f6nnen bis zu einem H\u00f6chstwert von 800,00 \u20ac im Hotelsafe aufbewahrt werden. Das Hotel empfiehlt, von dieser M\u00f6glichkeit Gebrauch zu machen.<\/p>\n<p>3. Soweit dem Kunden ein Stellplatz auf dem Hotelparkplatz, auch gegen Entgelt, zur Verf\u00fcgung gestellt wird, kommt dadurch kein Verwahrungsvertrag zustande. Bei Abhandenkommen oder Besch\u00e4digung auf dem Hotelgrundst\u00fcck abgestellter oder rangierter Kraftfahrzeuge und deren Inhalte haftet das Hotel nicht, au\u00dfer bei Vorsatz oder grober Fahrl\u00e4ssigkeit. F\u00fcr den Ausschluss der Schadensersatzanspr\u00fcche des Kunden gilt die Regelung in Nummer 1, S\u00e4tze 2 bis 4 entsprechend.<\/p>\n<p>5. Weckauftr\u00e4ge werden vom Hotel mit gr\u00f6\u00dfter Sorgfalt ausgef\u00fchrt. Nachrichten, Post und Warensendungen f\u00fcr G\u00e4ste werden mit Sorgfalt behandelt. Das Hotel \u00fcbernimmt die Zustellung. Aufbewahrung und auf Wunsch gegen Entgelt die Nachsendung derselben. Schadensersatzanspr\u00fcche, au\u00dfer wegen grober Fahrl\u00e4ssigkeit oder Vorsatz, sind gem\u00e4\u00df Absatz 1 S\u00e4tze 2 bis 4, ausgeschlossen.<\/p>\n<p><strong>VIII. Schlussbestimmungen<\/strong><\/p>\n<p>1. \u00c4nderungen oder Erg\u00e4nzungen des Vertrags, der Antragsannahme oder dieser Allgemeinen Gesch\u00e4ftsbedingungen sollen in Textform erfolgen. Einseitige \u00c4nderungen oder Erg\u00e4nzungen durch den Kunden sind unwirksam.<\/p>\n<p>2. Erf\u00fcllungs- und Zahlungsort ist der Sitz des Hotels.<\/p>\n<p>3. Ausschlie\u00dflicher Gerichtsstand auch f\u00fcr Scheck- und Wechselstreitigkeiten ist im kaufm\u00e4nnischen Verkehr Kempten. Sofern ein Vertragspartner die Voraussetzung des \u00a7 38 Absatz 1 ZPO erf\u00fcllt und keinen allgemeinen Gerichtsstand im Inland hat, gilt als Gerichtsstand der Sitz des Hotels.<\/p>\n<p>4. Es gilt deutsches Recht.<\/p>\n<p>5. Sollten einzelne Bestimmungen dieser Allgemeinen Gesch\u00e4ftsbedingungen f\u00fcr die Hotelaufnahme unwirksam oder nichtig sein oder werden, so wird dadurch die Wirksamkeit der \u00fcbrigen Bestimmungen nicht ber\u00fchrt. Im \u00dcbrigen gelten die gesetzlichen Vorschriften.<\/p>\n<\/div>\n<\/div>\n\t\t\t\t\t\t<\/div>\n\t\t\t\t\t\t<!--  .col-8@md -->\n\n\t\t\t\t\t\n\t\t\t\t<\/div>\n\t\t\t\t<!--  .flex-row -->\n\t\t\t<\/div> <!--  .container -->\n\t\t<\/section>\n\t\t<!--  .content -->\n\n\t","protected":false},"excerpt":{"rendered":"","protected":false},"author":1,"featured_media":0,"parent":0,"menu_order":0,"comment_status":"closed","ping_status":"closed","template":"","meta":{"_acf_changed":false,"_seopress_robots_primary_cat":"","_seopress_titles_title":"","_seopress_titles_desc":"","_seopress_robots_index":"","footnotes":""},"class_list":["post-45","page","type-page","status-publish","hentry","no-post-thumbnail","post-count-1"],"acf":[],"_links":{"self":[{"href":"https:\/\/schloss-hopferau.com\/en\/wp-json\/wp\/v2\/pages\/45","targetHints":{"allow":["GET"]}}],"collection":[{"href":"https:\/\/schloss-hopferau.com\/en\/wp-json\/wp\/v2\/pages"}],"about":[{"href":"https:\/\/schloss-hopferau.com\/en\/wp-json\/wp\/v2\/types\/page"}],"author":[{"embeddable":true,"href":"https:\/\/schloss-hopferau.com\/en\/wp-json\/wp\/v2\/users\/1"}],"replies":[{"embeddable":true,"href":"https:\/\/schloss-hopferau.com\/en\/wp-json\/wp\/v2\/comments?post=45"}],"version-history":[{"count":9,"href":"https:\/\/schloss-hopferau.com\/en\/wp-json\/wp\/v2\/pages\/45\/revisions"}],"predecessor-version":[{"id":100642,"href":"https:\/\/schloss-hopferau.com\/en\/wp-json\/wp\/v2\/pages\/45\/revisions\/100642"}],"wp:attachment":[{"href":"https:\/\/schloss-hopferau.com\/en\/wp-json\/wp\/v2\/media?parent=45"}],"curies":[{"name":"wp","href":"https:\/\/api.w.org\/{rel}","templated":true}]}}