{"id":100926,"date":"2025-10-28T12:24:50","date_gmt":"2025-10-28T11:24:50","guid":{"rendered":"https:\/\/schloss.bindix.de\/kontakt-anfrage\/"},"modified":"2026-03-20T00:10:06","modified_gmt":"2026-03-19T23:10:06","slug":"contact","status":"publish","type":"page","link":"https:\/\/schloss-hopferau.com\/en\/contact\/","title":{"rendered":"Contact"},"content":{"rendered":"\n        <section class=\"intro-image fade-in-bottom \">\n            <div class=\"container\">\n\n                \n                    <div class=\"img-wrapper bg-img\" style=\"background-image: url(https:\/\/schloss-hopferau.com\/wp-content\/uploads\/images\/kontakt.jpg);   \"><\/div>\n                    <!-- \/.img-wrapper bg-img -->\n\n                \n                <img decoding=\"async\" src=\"https:\/\/schloss-hopferau.com\/wp-content\/uploads\/images\/kontakt.jpg\" alt=\"\" class=\"intro-image-mobile\">\n\n            <\/div>\n            <!-- \/.container -->\n        <\/section>\n        <!--  .intro-image -->\n\n    \n\n\n\t<section id=\"breadcrumbs-block_262df4eff7b91165f2502bc35b1875f0\" class=\"breadcrumbs\" style=\"  \">\n        <div class=\"container\">\n\n            <div class=\"breadcrumbs\"><ul class=\"breadcrumbs-list\"><li class=\"breadcrumbs-item\"><a href=\"https:\/\/schloss-hopferau.com\/en\/\">Startseite<\/a><\/li> <li class=\"breadcrumbs-item is-active\">Contact<\/li><\/ul><\/div><!-- \/.breadcrumbs -->\n        <\/div>\n        <!-- \/.container -->\n\t<\/section> <!--  .breadcrumbs -->\n\n\n\n\n\t\t<section id=\"content-block_8106f127e70567952966d464530aea61\" class=\"content aligncenter \" style=\"margin-top: 40px;  \">\n\t\t\t<div class=\"container\">\n\t\t\t\t<div class=\"flex-row\">\n\n\t\t\t\t\t\n\t\t\t\t\t\t<div class=\"col-8@md \">\n\n\t\t\t\t\t\t\t<h2>Contact us<\/h2>\n\n<div class=\"wpcf7 no-js\" id=\"wpcf7-f100324-o1\" lang=\"de-DE\" dir=\"ltr\" data-wpcf7-id=\"100324\">\n<div class=\"screen-reader-response\"><p role=\"status\" aria-live=\"polite\" aria-atomic=\"true\"><\/p> <ul><\/ul><\/div>\n<form action=\"\/en\/wp-json\/wp\/v2\/pages\/100926#wpcf7-f100324-o1\" method=\"post\" class=\"wpcf7-form init wpcf7-acceptance-as-validation\" aria-label=\"Kontaktformular\" novalidate=\"novalidate\" data-status=\"init\">\n<fieldset class=\"hidden-fields-container\"><input type=\"hidden\" name=\"_wpcf7\" value=\"100324\" \/><input type=\"hidden\" name=\"_wpcf7_version\" value=\"6.1.3\" \/><input type=\"hidden\" name=\"_wpcf7_locale\" value=\"de_DE\" \/><input type=\"hidden\" name=\"_wpcf7_unit_tag\" value=\"wpcf7-f100324-o1\" \/><input type=\"hidden\" name=\"_wpcf7_container_post\" value=\"0\" \/><input type=\"hidden\" name=\"_wpcf7_posted_data_hash\" value=\"\" \/><input type=\"hidden\" name=\"_wpcf7_recaptcha_response\" value=\"\" \/>\n<\/fieldset>\n<p><span class=\"wpcf7-form-control-wrap\" data-name=\"sender-name\"><input size=\"40\" maxlength=\"400\" class=\"wpcf7-form-control wpcf7-text wpcf7-validates-as-required input input-primary\" id=\"sender-name\" aria-required=\"true\" aria-invalid=\"false\" placeholder=\"Ihr Name *\" value=\"\" type=\"text\" name=\"sender-name\" \/><\/span><br \/>\n<span class=\"wpcf7-form-control-wrap\" data-name=\"sender-strasse\"><input size=\"40\" maxlength=\"400\" class=\"wpcf7-form-control wpcf7-text wpcf7-validates-as-required input input-primary\" id=\"sender-strasse\" aria-required=\"true\" aria-invalid=\"false\" placeholder=\"Stra\u00dfe und Hausnummer *\" value=\"\" type=\"text\" name=\"sender-strasse\" \/><\/span><br \/>\n<span class=\"wpcf7-form-control-wrap\" data-name=\"sender-plz-wohnort\"><input size=\"40\" maxlength=\"400\" class=\"wpcf7-form-control wpcf7-text wpcf7-validates-as-required input input-primary\" id=\"sender-plz-wohnort\" aria-required=\"true\" aria-invalid=\"false\" placeholder=\"PLZ und Wohnort *\" value=\"\" type=\"text\" name=\"sender-plz-wohnort\" \/><\/span><br \/>\n<span class=\"wpcf7-form-control-wrap\" data-name=\"sender-telefon\"><input size=\"40\" maxlength=\"400\" class=\"wpcf7-form-control wpcf7-text input input-primary\" id=\"sender-telefon\" aria-invalid=\"false\" placeholder=\"Telefon\" value=\"\" type=\"text\" name=\"sender-telefon\" \/><\/span><br \/>\n<span class=\"wpcf7-form-control-wrap\" data-name=\"sender-email\"><input size=\"40\" maxlength=\"400\" class=\"wpcf7-form-control wpcf7-email wpcf7-validates-as-required wpcf7-text wpcf7-validates-as-email input input-primary\" id=\"sender-email\" aria-required=\"true\" aria-invalid=\"false\" placeholder=\"Ihre E-Mail Adresse *\" value=\"\" type=\"email\" name=\"sender-email\" \/><\/span><br \/>\n<span class=\"wpcf7-form-control-wrap\" data-name=\"sender-anfrage\"><textarea cols=\"40\" rows=\"10\" maxlength=\"2000\" class=\"wpcf7-form-control wpcf7-textarea wpcf7-validates-as-required input input-primary input-textarea\" aria-required=\"true\" aria-invalid=\"false\" placeholder=\"Ihre Anfrage\" name=\"sender-anfrage\"><\/textarea><\/span>\n<\/p>\n<div class=\"checkbox-row\">\n\t<div class=\"checkbox\">\n\t\t<p><span class=\"wpcf7-form-control-wrap\" data-name=\"sender-datenschutz\"><span class=\"wpcf7-form-control wpcf7-acceptance\"><span class=\"wpcf7-list-item\"><label><input type=\"checkbox\" name=\"sender-datenschutz\" value=\"1\" aria-invalid=\"false\" \/><span class=\"wpcf7-list-item-label\"><div class=\"label-wrapper\">Ja, ich willige in die in der <a href=\"\/datenschutz\" target=\"_blank\">Datenschutzerkl\u00e4rung<\/a> beschriebene Verarbeitung meiner Daten ein.<\/div><\/span><\/label><\/span><\/span><\/span>\n\t\t<\/p>\n\t<\/div>\n<\/div>\n<p><input class=\"wpcf7-form-control wpcf7-submit has-spinner btn btn-submit\" type=\"submit\" value=\"Absenden\" \/><br \/>\n* = Pflichtfelder<br \/>\n<div class=\"wpcf7-response-output\" aria-hidden=\"true\"><\/div>\n<\/p>\n<\/form>\n<\/div>\n\n\t\t\t\t\t\t<\/div>\n\t\t\t\t\t\t<!--  .col-8@md -->\n\n\t\t\t\t\t\n\t\t\t\t\t\t<div class=\"col-4@md \">\n\n\t\t\t\t\t\t\t<h2>Contact us<\/h2>\n<p>Schloss zu Hopferau<br \/>\nSchlo\u00dfstra\u00dfe 9-11<br \/>\nD-87659 Hopferau<\/p>\n<p>Tel.: +49 (0) 83 64 &#8211; 98 48 9 &#8211; 0<br \/>\nFax: +49 (0) 83 64 &#8211; 98 48 9 &#8211; 44<br \/>\nE-Mail:\u00a0<a href=\"mailto:info@schloss-hopferau.com\">info@schloss-hopferau.com<\/a><\/p>\n\t\t\t\t\t\t<\/div>\n\t\t\t\t\t\t<!--  .col-4@md -->\n\n\t\t\t\t\t\n\t\t\t\t<\/div>\n\t\t\t\t<!--  .flex-row -->\n\t\t\t<\/div> <!--  .container -->\n\t\t<\/section>\n\t\t<!--  .content -->\n\n\t\n\n\n\t\t<section id=\"content-block_87edd23c7ca88b27398785d9933fa57e\" class=\"content \" style=\"  \">\n\t\t\t<div class=\"container\">\n\t\t\t\t<div class=\"flex-row\">\n\n\t\t\t\t\t\n\t\t\t\t\t\t<div class=\"col-8@md \">\n\n\t\t\t\t\t\t\t<h2>Directions<\/h2>\n<p><strong>From the North\/West (Ulm, Stuttgart, Frankfurt)<\/strong><\/p>\n<p>Take the A7 (Hamburg-Hannover-W\u00fcrzburg-Ulm-F\u00fcssen) to the F\u00fcssen \/ Hopferau exit. Turn right and drive past the Hopfensee. After 6 km, you will reach Hopferau. Turn right opposite the church onto Schlossstra\u00dfe. After 30 meters, just behind the Schlossb\u00e4ckerei Brunner, turn left into the castle parking lot.<\/p>\n<p>In case of traffic, we recommend exiting the highway earlier at Nesselwang.<\/p>\n<p><strong>From the East (Munich, Augsburg, Landsberg, Nuremberg)<\/strong><\/p>\n<p>Take the A96 (Munich-Lindau) to the Jengen \/ Kaufbeuren exit (B12). Continue on the B12 to the Marktoberdorf exit. Follow signs toward F\u00fcssen to the center of Marktoberdorf. At the central intersection, head toward Nesselwang \/ Seeg. After about 300 m, turn left toward Seeg. Continue following signs to Seeg \/ F\u00fcssen. In Seeg, continue toward F\u00fcssen \/ Reutte \/ Tyrol. After 6 km, you will reach Hopferau. Turn left opposite the church onto Schlossstra\u00dfe. After 30 meters, just behind Schlossb\u00e4ckerei Brunner, turn left into the castle parking lot.<\/p>\n<p>Parking: Free parking is available on site.<\/p>\n\t\t\t\t\t\t<\/div>\n\t\t\t\t\t\t<!--  .col-8@md -->\n\n\t\t\t\t\t\n\t\t\t\t<\/div>\n\t\t\t\t<!--  .flex-row -->\n\t\t\t<\/div> <!--  .container -->\n\t\t<\/section>\n\t\t<!--  .content -->\n\n\t","protected":false},"excerpt":{"rendered":"","protected":false},"author":15,"featured_media":100285,"parent":0,"menu_order":0,"comment_status":"closed","ping_status":"closed","template":"","meta":{"_acf_changed":false,"_seopress_robots_primary_cat":"","_seopress_titles_title":"Contact Schloss zu Hopferau | Get in Touch & Visit Info","_seopress_titles_desc":"Get in touch with Schloss zu Hopferau \u2014 contact details, directions and visitor information for inquiries about stays, events, conferences and tours at the historic castle.","_seopress_robots_index":"","footnotes":""},"class_list":{"0":"post-100926","1":"page","2":"type-page","3":"status-publish","4":"has-post-thumbnail","5":"hentry","7":"post-count-1"},"acf":[],"_links":{"self":[{"href":"https:\/\/schloss-hopferau.com\/en\/wp-json\/wp\/v2\/pages\/100926","targetHints":{"allow":["GET"]}}],"collection":[{"href":"https:\/\/schloss-hopferau.com\/en\/wp-json\/wp\/v2\/pages"}],"about":[{"href":"https:\/\/schloss-hopferau.com\/en\/wp-json\/wp\/v2\/types\/page"}],"author":[{"embeddable":true,"href":"https:\/\/schloss-hopferau.com\/en\/wp-json\/wp\/v2\/users\/15"}],"replies":[{"embeddable":true,"href":"https:\/\/schloss-hopferau.com\/en\/wp-json\/wp\/v2\/comments?post=100926"}],"version-history":[{"count":5,"href":"https:\/\/schloss-hopferau.com\/en\/wp-json\/wp\/v2\/pages\/100926\/revisions"}],"predecessor-version":[{"id":101322,"href":"https:\/\/schloss-hopferau.com\/en\/wp-json\/wp\/v2\/pages\/100926\/revisions\/101322"}],"wp:featuredmedia":[{"embeddable":true,"href":"https:\/\/schloss-hopferau.com\/en\/wp-json\/wp\/v2\/media\/100285"}],"wp:attachment":[{"href":"https:\/\/schloss-hopferau.com\/en\/wp-json\/wp\/v2\/media?parent=100926"}],"curies":[{"name":"wp","href":"https:\/\/api.w.org\/{rel}","templated":true}]}}