{"id":100923,"date":"2025-10-30T09:59:47","date_gmt":"2025-10-30T08:59:47","guid":{"rendered":"https:\/\/schloss.bindix.de\/holiday\/region\/"},"modified":"2026-01-15T20:42:50","modified_gmt":"2026-01-15T19:42:50","slug":"region","status":"publish","type":"page","link":"https:\/\/schloss-hopferau.com\/en\/holiday\/region\/","title":{"rendered":"The region"},"content":{"rendered":"\n        <section class=\"intro-image fade-in-bottom \">\n            <div class=\"container\">\n\n                \n                    <div class=\"img-wrapper bg-img\" style=\"background-image: url(https:\/\/schloss-hopferau.com\/wp-content\/uploads\/images\/hergratsriedersee.jpg);   \"><\/div>\n                    <!-- \/.img-wrapper bg-img -->\n\n                \n                <img decoding=\"async\" src=\"https:\/\/schloss-hopferau.com\/wp-content\/uploads\/images\/hergratsriedersee.jpg\" alt=\"\" class=\"intro-image-mobile\">\n\n            <\/div>\n            <!-- \/.container -->\n        <\/section>\n        <!--  .intro-image -->\n\n    \n\n\n\t\t<section id=\"content-block_8a196805ac17a136b10833ea7da55d91\" class=\"content \" style=\"  \">\n\t\t\t<div class=\"container\">\n\t\t\t\t<div class=\"flex-row\">\n\n\t\t\t\t\t\n\t\t\t\t\t\t<div class=\"col-8@md \">\n\n\t\t\t\t\t\t\t<h2>The region<\/h2>\n<p>Idyllically located, Hopferau enjoys excellent transport connections in the heart of the Allg\u00e4u, making it an ideal starting point for all kinds of holiday activities. The breathtaking surroundings, countless attractions, the tranquillity of nature, the mountains, and the many lakes of the Allg\u00e4u (Alpsee, Hopfensee, Wei\u00dfensee, Forggensee) will enchant you and make your stay in the Allg\u00e4u truly unforgettable.<\/p>\n<p>The Allg\u00e4u offers a wide range of leisure activities, such as hiking and cycling in summer, as well as skiing, sledding, and cross-country skiing in winter. After an eventful day, returning to Schloss zu Hopferau allows you to relax and recharge for the next day\u2014perhaps with a dinner featuring selected regional and international specialties in our castle restaurant or by ending the evening in our beer garden.<\/p>\n<p>Experience a few unforgettable days with historic flair, let your soul unwind, enjoy the beautiful landscape, and allow our castle team to truly pamper you.<\/p>\n<p>The pre-Alpine landscape shaped by the Lech Glacier is known for its wide meadows, countless lakes and ponds, and has long been a popular recreational area. Whether skiing, mountain hiking, or cycling, the Ostallg\u00e4u region offers countless opportunities throughout the year.<\/p>\n<p>The famous royal castles, Neuschwanstein Castle and Hohenschwangau Castle, are just 10 km from Schloss zu Hopferau.<\/p>\n<p>Further information can be found in our <a href=\"https:\/\/schloss-hopferau.com\/aktivitaeten\/tipps-und-empfehlungen\/\">tips and recommendations<\/a>.<\/p>\n\t\t\t\t\t\t<\/div>\n\t\t\t\t\t\t<!--  .col-8@md -->\n\n\t\t\t\t\t\n\t\t\t\t<\/div>\n\t\t\t\t<!--  .flex-row -->\n\t\t\t<\/div> <!--  .container -->\n\t\t<\/section>\n\t\t<!--  .content -->\n\n\t","protected":false},"excerpt":{"rendered":"","protected":false},"author":15,"featured_media":100583,"parent":100919,"menu_order":0,"comment_status":"closed","ping_status":"closed","template":"","meta":{"_acf_changed":false,"_seopress_robots_primary_cat":"","_seopress_titles_title":"The Region & Surroundings | Schloss zu Hopferau","_seopress_titles_desc":"Discover the Allg\u00e4u region around Schloss zu Hopferau \u2014 scenic landscapes, lakes, hiking, culture and iconic attractions like Neuschwanstein, perfect for active holidays and sightseeing.","_seopress_robots_index":"","footnotes":""},"class_list":{"0":"post-100923","1":"page","2":"type-page","3":"status-publish","4":"has-post-thumbnail","5":"hentry","7":"post-count-1"},"acf":[],"_links":{"self":[{"href":"https:\/\/schloss-hopferau.com\/en\/wp-json\/wp\/v2\/pages\/100923","targetHints":{"allow":["GET"]}}],"collection":[{"href":"https:\/\/schloss-hopferau.com\/en\/wp-json\/wp\/v2\/pages"}],"about":[{"href":"https:\/\/schloss-hopferau.com\/en\/wp-json\/wp\/v2\/types\/page"}],"author":[{"embeddable":true,"href":"https:\/\/schloss-hopferau.com\/en\/wp-json\/wp\/v2\/users\/15"}],"replies":[{"embeddable":true,"href":"https:\/\/schloss-hopferau.com\/en\/wp-json\/wp\/v2\/comments?post=100923"}],"version-history":[{"count":3,"href":"https:\/\/schloss-hopferau.com\/en\/wp-json\/wp\/v2\/pages\/100923\/revisions"}],"predecessor-version":[{"id":101069,"href":"https:\/\/schloss-hopferau.com\/en\/wp-json\/wp\/v2\/pages\/100923\/revisions\/101069"}],"up":[{"embeddable":true,"href":"https:\/\/schloss-hopferau.com\/en\/wp-json\/wp\/v2\/pages\/100919"}],"wp:featuredmedia":[{"embeddable":true,"href":"https:\/\/schloss-hopferau.com\/en\/wp-json\/wp\/v2\/media\/100583"}],"wp:attachment":[{"href":"https:\/\/schloss-hopferau.com\/en\/wp-json\/wp\/v2\/media?parent=100923"}],"curies":[{"name":"wp","href":"https:\/\/api.w.org\/{rel}","templated":true}]}}