{"id":100912,"date":"2025-10-29T18:11:33","date_gmt":"2025-10-29T17:11:33","guid":{"rendered":"https:\/\/schloss.bindix.de\/hotel\/direkt-buchen\/"},"modified":"2026-01-07T21:09:22","modified_gmt":"2026-01-07T20:09:22","slug":"book-directly","status":"publish","type":"page","link":"https:\/\/schloss-hopferau.com\/en\/hotel\/book-directly\/","title":{"rendered":"Book directly"},"content":{"rendered":"\n        <section class=\"intro-image fade-in-bottom \">\n            <div class=\"container\">\n\n                \n                    <img decoding=\"async\" src=\"https:\/\/schloss-hopferau.com\/wp-content\/uploads\/images\/Schloss-Hopferau-FSHN-Header-930x280px.jpg\" alt=\"\" class=\"intro-image-desktop\">\n\n                \n                <img decoding=\"async\" src=\"https:\/\/schloss-hopferau.com\/wp-content\/uploads\/images\/Schloss-Hopferau-FSHN-Header-930x280px.jpg\" alt=\"\" class=\"intro-image-mobile\">\n\n            <\/div>\n            <!-- \/.container -->\n        <\/section>\n        <!--  .intro-image -->\n\n    \n\n\n\t\t<section id=\"direct-book-wrapper\" class=\"content \" style=\"  \">\n\t\t\t<div class=\"container\">\n\t\t\t\t<div class=\"flex-row\">\n\n\t\t\t\t\t\n\t\t\t\t\t\t<div class=\"col-12 \">\n\n\t\t\t\t\t\t\t<h2>Ticket and Hotel in double room<\/h2>\n<ul>\n<li>\u00dcbernachtung im Doppelzimmer inkl. Fr\u00fchst\u00fcck<\/li>\n<li>2 Musicaltickets der Abendshow des Anreisetages der Preiskategorie 1<\/li>\n<li>Programmheft der Abendshow des Buchungstages<\/li>\n<\/ul>\n<div class=\"BorlabsCookie _brlbs-cb-default\"><div class=\"_brlbs-content-blocker\"> <div class=\"_brlbs-default\"> <p>Click on the button to load the content from direct-book.com.<\/p> <p><a class=\"_brlbs-btn\" href=\"#\" data-borlabs-cookie-unblock role=\"button\">Load content<\/a><\/p> <\/div> <\/div><div class=\"borlabs-hide\" data-borlabs-cookie-type=\"content-blocker\" data-borlabs-cookie-id=\"default\"><script type=\"text\/template\">PGlmcmFtZSBzdHlsZT0ib3ZlcmZsb3cteDogaGlkZGVuOyIgc3JjPSJodHRwczovL2RpcmVjdC1ib29rLmNvbS9wcm9wZXJ0aWVzL1NjaGxvc3NadUhvcGZlcmF1RGlyZWN0P2xvY2FsZT1kZSIgd2lkdGg9IjEwMCUiIGhlaWdodD0iODAwcHgiIGZyYW1lYm9yZGVyPSIwIiBzY3JvbGxpbmc9ImF1dG8iIHNlYW1sZXNzPSJzZWFtbGVzcyI+PHNwYW4gZGF0YS1tY2UtdHlwZT0iYm9va21hcmsiIHN0eWxlPSJkaXNwbGF5OiBpbmxpbmUtYmxvY2s7IHdpZHRoOiAwcHg7IG92ZXJmbG93OiBoaWRkZW47IGxpbmUtaGVpZ2h0OiAwOyIgY2xhc3M9Im1jZV9TRUxSRVNfc3RhcnQiPu+7vzwvc3Bhbj48L2lmcmFtZT4=<\/script><\/div><\/div>\n\t\t\t\t\t\t<\/div>\n\t\t\t\t\t\t<!--  .col-12 -->\n\n\t\t\t\t\t\n\t\t\t\t<\/div>\n\t\t\t\t<!--  .flex-row -->\n\t\t\t<\/div> <!--  .container -->\n\t\t<\/section>\n\t\t<!--  .content -->\n\n\t","protected":false},"excerpt":{"rendered":"","protected":false},"author":15,"featured_media":100376,"parent":100904,"menu_order":0,"comment_status":"closed","ping_status":"closed","template":"","meta":{"_acf_changed":false,"_seopress_robots_primary_cat":"","_seopress_titles_title":"","_seopress_titles_desc":"","_seopress_robots_index":"","footnotes":""},"class_list":{"0":"post-100912","1":"page","2":"type-page","3":"status-publish","4":"has-post-thumbnail","5":"hentry","7":"post-count-1"},"acf":[],"_links":{"self":[{"href":"https:\/\/schloss-hopferau.com\/en\/wp-json\/wp\/v2\/pages\/100912","targetHints":{"allow":["GET"]}}],"collection":[{"href":"https:\/\/schloss-hopferau.com\/en\/wp-json\/wp\/v2\/pages"}],"about":[{"href":"https:\/\/schloss-hopferau.com\/en\/wp-json\/wp\/v2\/types\/page"}],"author":[{"embeddable":true,"href":"https:\/\/schloss-hopferau.com\/en\/wp-json\/wp\/v2\/users\/15"}],"replies":[{"embeddable":true,"href":"https:\/\/schloss-hopferau.com\/en\/wp-json\/wp\/v2\/comments?post=100912"}],"version-history":[{"count":2,"href":"https:\/\/schloss-hopferau.com\/en\/wp-json\/wp\/v2\/pages\/100912\/revisions"}],"predecessor-version":[{"id":100914,"href":"https:\/\/schloss-hopferau.com\/en\/wp-json\/wp\/v2\/pages\/100912\/revisions\/100914"}],"up":[{"embeddable":true,"href":"https:\/\/schloss-hopferau.com\/en\/wp-json\/wp\/v2\/pages\/100904"}],"wp:featuredmedia":[{"embeddable":true,"href":"https:\/\/schloss-hopferau.com\/en\/wp-json\/wp\/v2\/media\/100376"}],"wp:attachment":[{"href":"https:\/\/schloss-hopferau.com\/en\/wp-json\/wp\/v2\/media?parent=100912"}],"curies":[{"name":"wp","href":"https:\/\/api.w.org\/{rel}","templated":true}]}}